{"id":99,"date":"2019-01-14T10:26:05","date_gmt":"2019-01-14T10:26:05","guid":{"rendered":"https:\/\/serohplan.live-website.com\/?page_id=99"},"modified":"2022-11-06T11:09:23","modified_gmt":"2022-11-06T11:09:23","slug":"schulung","status":"publish","type":"page","link":"https:\/\/serohplan.de\/?page_id=99","title":{"rendered":"Schulung"},"content":{"rendered":"<p><img data-recalc-dims=\"1\" loading=\"lazy\" decoding=\"async\" data-attachment-id=\"268\" data-permalink=\"https:\/\/serohplan.de\/?attachment_id=268\" data-orig-file=\"https:\/\/i0.wp.com\/serohplan.de\/wp-content\/uploads\/2019\/03\/serohplan_sieb.jpg?fit=819%2C681&amp;ssl=1\" data-orig-size=\"819,681\" data-comments-opened=\"1\" data-image-meta=\"{&quot;aperture&quot;:&quot;0&quot;,&quot;credit&quot;:&quot;&quot;,&quot;camera&quot;:&quot;&quot;,&quot;caption&quot;:&quot;&quot;,&quot;created_timestamp&quot;:&quot;0&quot;,&quot;copyright&quot;:&quot;&quot;,&quot;focal_length&quot;:&quot;0&quot;,&quot;iso&quot;:&quot;0&quot;,&quot;shutter_speed&quot;:&quot;0&quot;,&quot;title&quot;:&quot;&quot;,&quot;orientation&quot;:&quot;1&quot;}\" data-image-title=\"serohplan_sieb\" data-image-description=\"\" data-image-caption=\"&lt;p&gt;Schulung&lt;\/p&gt;\n\" data-large-file=\"https:\/\/i0.wp.com\/serohplan.de\/wp-content\/uploads\/2019\/03\/serohplan_sieb.jpg?fit=525%2C437&amp;ssl=1\" class=\"wp-image-268\" src=\"https:\/\/i0.wp.com\/serohplan.de\/wp-content\/uploads\/2019\/03\/serohplan_sieb.jpg?resize=500%2C416&#038;ssl=1\" alt=\"\" width=\"500\" height=\"416\" srcset=\"https:\/\/i0.wp.com\/serohplan.de\/wp-content\/uploads\/2019\/03\/serohplan_sieb.jpg?resize=300%2C249&amp;ssl=1 300w, https:\/\/i0.wp.com\/serohplan.de\/wp-content\/uploads\/2019\/03\/serohplan_sieb.jpg?resize=768%2C639&amp;ssl=1 768w, https:\/\/i0.wp.com\/serohplan.de\/wp-content\/uploads\/2019\/03\/serohplan_sieb.jpg?w=819&amp;ssl=1 819w\" sizes=\"auto, (max-width: 500px) 100vw, 500px\" \/><\/p>\n<p><strong>Bedienungs- oder Wartungsfehler k\u00f6nnen Sie teuer zu stehen kommen. Zur Vermeidung schule ich Ihr Personal direkt vor Ort an der Maschine.<\/strong><\/p>\n<hr \/>\n<p><strong><i class=\"fa fa-question-circle \" ><\/i> Ihre Frage:<\/strong><br \/>\nMeine Kosten sind zu hoch oder die Maschinenverf\u00fcgbarkeit ist zu gering. Welche Ma\u00dfnahmen soll ich ergreifen?<\/p>\n<p><strong><i class=\"fa fa-exclamation-circle \" ><\/i> Meine Leistungen:<\/strong><br \/>\nAuf Basis einer Begehung und einem Fachgespr\u00e4ch mit dem Bedienungs- und Wartungspersonal erstelle ich einen ausf\u00fchrlichen Bericht \u00fcber m\u00f6gliche Fehlerquellen.<\/p>\n<hr \/>\n<p><strong><b><i class=\"fa fa-question-circle \" ><\/i> <\/b>Ihre Frage:<\/strong><br \/>\nFalls es sich um einen Bedienungs- oder Wartungsfehler handelt: Wie wird dieser abgestellt?<\/p>\n<p><strong><b><i class=\"fa fa-exclamation-circle \" ><\/i> <\/b>Meine Leistung:<\/strong><br \/>\nIm Rahmen einer Schulung wird ausf\u00fchrlich das Problem behandelt mit dem Ziel, langfristig und nachhaltig ein Bewusstsein zur zuk\u00fcnftigen Vermeidung der Fehler zu erreichen.<\/p>\n<p>&nbsp;<\/p>\n","protected":false},"excerpt":{"rendered":"<p>Bedienungs- oder Wartungsfehler k\u00f6nnen Sie teuer zu stehen kommen. Zur Vermeidung schule ich Ihr Personal direkt vor Ort an der Maschine. Ihre Frage: Meine Kosten sind zu hoch oder die Maschinenverf\u00fcgbarkeit ist zu gering. Welche Ma\u00dfnahmen soll ich ergreifen? Meine Leistungen: Auf Basis einer Begehung und einem Fachgespr\u00e4ch mit dem Bedienungs- und Wartungspersonal erstelle ich &hellip; <\/p>\n<p class=\"link-more\"><a href=\"https:\/\/serohplan.de\/?page_id=99\" class=\"more-link\"><span class=\"screen-reader-text\">\u201eSchulung\u201c <\/span>weiterlesen<\/a><\/p>\n","protected":false},"author":1,"featured_media":0,"parent":0,"menu_order":0,"comment_status":"closed","ping_status":"closed","template":"","meta":{"jetpack_post_was_ever_published":false,"footnotes":""},"class_list":["post-99","page","type-page","status-publish","hentry"],"jetpack_sharing_enabled":true,"jetpack_shortlink":"https:\/\/wp.me\/PaCcNT-1B","jetpack-related-posts":[{"id":81,"url":"https:\/\/serohplan.de\/?page_id=81","url_meta":{"origin":99,"position":0},"title":"Technische Optimierung","author":"Metalchecker","date":"14. Januar 2019","format":false,"excerpt":"Kundenanforderungen \u00e4ndern sich, neue Technologien kommen auf den Markt oder technische Probleme treten auf. Ich unterst\u00fctze Sie dabei, Ihre Maschinen optimal zu nutzen. \u00a0 Ihre Frage: Wo besteht in meinem Maschinenpark Optimierungspotenzial? Oder: Bei mir liegt ein bestimmtes technisches Problem vor. Wie kann ich dieses abstellen? Meine Leistung: Begehung der\u2026","rel":"","context":"\u00c4hnlicher Beitrag","block_context":{"text":"\u00c4hnlicher Beitrag","link":""},"img":{"alt_text":"","src":"https:\/\/i0.wp.com\/serohplan.de\/wp-content\/uploads\/2019\/03\/serohplan_press-300x211.jpg?resize=350%2C200&ssl=1","width":350,"height":200},"classes":[]},{"id":57,"url":"https:\/\/serohplan.de\/?page_id=57","url_meta":{"origin":99,"position":1},"title":"Bedarfsorientierte \u00dcberholung","author":"Metalchecker","date":"14. Januar 2019","format":false,"excerpt":"Gerade bei Maschinen, die t\u00e4glich genutzt werden, treten Verschlei\u00dferscheinungen auf. Zur Sicherstellung der dauerhaften Funktionsf\u00e4higkeit ist daher eine regelm\u00e4\u00dfige bedarfsorientierte \u00dcberholung zwingend erforderlich. Um ein optimales Kosten-Nutzen-Verh\u00e4ltnis zu erreichen, unterst\u00fctze ich Sie mit eindeutigen Empfehlungen zur bedarfsgerechten Sanierung. Ihre Frage: Muss mein Shredder, Presse, Schrottschere etc.\u00a0\u00fcberholt werden? Meine Leistung: Ich\u2026","rel":"","context":"\u00c4hnlicher Beitrag","block_context":{"text":"\u00c4hnlicher Beitrag","link":""},"img":{"alt_text":"","src":"https:\/\/i0.wp.com\/serohplan.de\/wp-content\/uploads\/2019\/03\/serohplan_schneid-300x266.jpg?resize=350%2C200&ssl=1","width":350,"height":200},"classes":[]},{"id":91,"url":"https:\/\/serohplan.de\/?page_id=91","url_meta":{"origin":99,"position":2},"title":"Standortplanung \/ Neubau \/ Umbau","author":"Metalchecker","date":"14. Januar 2019","format":false,"excerpt":"Unabh\u00e4ngig davon, ob Sie einen neuen Standort planen oder einen bestehenden Standort ausbauen wollen unterst\u00fctze ich Sie bei der Pr\u00fcfung der Vorbedingungen. F\u00fcr Ihr Vorhaben stehe ich als zentraler Ansprechpartner zur Verf\u00fcgung.\u00a0 Ihre Frage: Ich plane einen neuen Standort? Oder: Ich will meinen bestehenden Standort modernisieren? Was ist dabei zu\u2026","rel":"","context":"\u00c4hnlicher Beitrag","block_context":{"text":"\u00c4hnlicher Beitrag","link":""},"img":{"alt_text":"","src":"https:\/\/i0.wp.com\/serohplan.de\/wp-content\/uploads\/2019\/03\/serohplan_haus-300x290.jpg?resize=350%2C200&ssl=1","width":350,"height":200},"classes":[]},{"id":88,"url":"https:\/\/serohplan.de\/?page_id=88","url_meta":{"origin":99,"position":3},"title":"Standortplanung","author":"Metalchecker","date":"14. Januar 2019","format":false,"excerpt":"\u00a0 Unabh\u00e4ngig davon, ob Sie einen neuen Standort planen oder einen bestehenden Standort ausbauen wollen unterst\u00fctze ich Sie bei der Pr\u00fcfung der Vorbedingungen. Ihre Frage: Ich plane einen neuen Standort. Was ist dabei zu beachten? Meine Leistung: Ich pr\u00fcfe, ob tats\u00e4chlich ein Schrottplatz am geplanten Standort realisiert werden kann. Dabei\u2026","rel":"","context":"\u00c4hnlicher Beitrag","block_context":{"text":"\u00c4hnlicher Beitrag","link":""},"img":{"alt_text":"","src":"https:\/\/i0.wp.com\/serohplan.de\/wp-content\/uploads\/2019\/03\/serohplan_haus-300x290.jpg?resize=350%2C200&ssl=1","width":350,"height":200},"classes":[]},{"id":85,"url":"https:\/\/serohplan.de\/?page_id=85","url_meta":{"origin":99,"position":4},"title":"Wertermittlung","author":"Metalchecker","date":"14. Januar 2019","format":false,"excerpt":"Sie m\u00fcssen Ihren Maschinenpark stetig an neue Anforderungen anpassen, Dabei erwerben Sie neue oder verkaufen bestehende Maschinen. Ich unterst\u00fctze Sie dabei, die Kernfrage nach dem jeweiligen Wert\u00a0 zu ermitteln. Ihre Frage: Ich will eine bestimmte Maschine kaufen bzw. verkaufen. Wie hoch ist der Wert dieser Maschine? Meine Leistung: Ich f\u00fchre\u2026","rel":"","context":"\u00c4hnlicher Beitrag","block_context":{"text":"\u00c4hnlicher Beitrag","link":""},"img":{"alt_text":"","src":"https:\/\/i0.wp.com\/serohplan.de\/wp-content\/uploads\/2019\/03\/serohplan_shredder-300x284.jpg?resize=350%2C200&ssl=1","width":350,"height":200},"classes":[]},{"id":121,"url":"https:\/\/serohplan.de\/?page_id=121","url_meta":{"origin":99,"position":5},"title":"Datenschutzerkl\u00e4rung","author":"Metalchecker","date":"14. Januar 2019","format":false,"excerpt":"Datenschutzerkl\u00e4rung Wir freuen uns sehr \u00fcber Ihr Interesse an unserem Unternehmen. Datenschutz hat einen besonders hohen Stellenwert f\u00fcr die Gesch\u00e4ftsleitung der SeRohPlan GmbH. Eine Nutzung der Internetseiten der SeRohPlan GmbH ist grunds\u00e4tzlich ohne jede Angabe personenbezogener Daten m\u00f6glich. Sofern eine betroffene Person besondere Services unseres Unternehmens \u00fcber unsere Internetseite in\u2026","rel":"","context":"\u00c4hnlicher Beitrag","block_context":{"text":"\u00c4hnlicher Beitrag","link":""},"img":{"alt_text":"","src":"","width":0,"height":0},"classes":[]}],"_links":{"self":[{"href":"https:\/\/serohplan.de\/index.php?rest_route=\/wp\/v2\/pages\/99","targetHints":{"allow":["GET"]}}],"collection":[{"href":"https:\/\/serohplan.de\/index.php?rest_route=\/wp\/v2\/pages"}],"about":[{"href":"https:\/\/serohplan.de\/index.php?rest_route=\/wp\/v2\/types\/page"}],"author":[{"embeddable":true,"href":"https:\/\/serohplan.de\/index.php?rest_route=\/wp\/v2\/users\/1"}],"replies":[{"embeddable":true,"href":"https:\/\/serohplan.de\/index.php?rest_route=%2Fwp%2Fv2%2Fcomments&post=99"}],"version-history":[{"count":4,"href":"https:\/\/serohplan.de\/index.php?rest_route=\/wp\/v2\/pages\/99\/revisions"}],"predecessor-version":[{"id":321,"href":"https:\/\/serohplan.de\/index.php?rest_route=\/wp\/v2\/pages\/99\/revisions\/321"}],"wp:attachment":[{"href":"https:\/\/serohplan.de\/index.php?rest_route=%2Fwp%2Fv2%2Fmedia&parent=99"}],"curies":[{"name":"wp","href":"https:\/\/api.w.org\/{rel}","templated":true}]}}