{"id":91,"date":"2019-01-14T10:25:52","date_gmt":"2019-01-14T10:25:52","guid":{"rendered":"https:\/\/serohplan.live-website.com\/?page_id=91"},"modified":"2019-03-21T11:53:14","modified_gmt":"2019-03-21T11:53:14","slug":"neubau-umbau","status":"publish","type":"page","link":"https:\/\/serohplan.de\/?page_id=91","title":{"rendered":"Standortplanung \/ Neubau \/ Umbau"},"content":{"rendered":"<p><img data-recalc-dims=\"1\" loading=\"lazy\" decoding=\"async\" data-attachment-id=\"272\" data-permalink=\"https:\/\/serohplan.de\/?attachment_id=272\" data-orig-file=\"https:\/\/i0.wp.com\/serohplan.de\/wp-content\/uploads\/2019\/03\/serohplan_haus.jpg?fit=690%2C667&amp;ssl=1\" data-orig-size=\"690,667\" data-comments-opened=\"1\" data-image-meta=\"{&quot;aperture&quot;:&quot;0&quot;,&quot;credit&quot;:&quot;&quot;,&quot;camera&quot;:&quot;&quot;,&quot;caption&quot;:&quot;&quot;,&quot;created_timestamp&quot;:&quot;0&quot;,&quot;copyright&quot;:&quot;&quot;,&quot;focal_length&quot;:&quot;0&quot;,&quot;iso&quot;:&quot;0&quot;,&quot;shutter_speed&quot;:&quot;0&quot;,&quot;title&quot;:&quot;&quot;,&quot;orientation&quot;:&quot;1&quot;}\" data-image-title=\"\" data-image-description=\"\" data-image-caption=\"&lt;p&gt;Standortplanung \/ Neubau \/ Umbau&lt;\/p&gt;\n\" data-large-file=\"https:\/\/i0.wp.com\/serohplan.de\/wp-content\/uploads\/2019\/03\/serohplan_haus.jpg?fit=525%2C508&amp;ssl=1\" class=\"wp-image-272\" src=\"https:\/\/i0.wp.com\/serohplan.de\/wp-content\/uploads\/2019\/03\/serohplan_haus.jpg?resize=500%2C483&#038;ssl=1\" alt=\"\" width=\"500\" height=\"483\" srcset=\"https:\/\/i0.wp.com\/serohplan.de\/wp-content\/uploads\/2019\/03\/serohplan_haus.jpg?resize=300%2C290&amp;ssl=1 300w, https:\/\/i0.wp.com\/serohplan.de\/wp-content\/uploads\/2019\/03\/serohplan_haus.jpg?w=690&amp;ssl=1 690w\" sizes=\"auto, (max-width: 500px) 100vw, 500px\" \/><\/p>\n<p style=\"text-align: center;\"><strong><span style=\"text-align: left; color: #333333; text-transform: none; text-indent: 0px; letter-spacing: normal; font-family: 'Libre Franklin','Helvetica Neue',helvetica,arial,sans-serif; font-size: 16px; font-style: normal; font-variant: normal; text-decoration: none; word-spacing: 0px; display: inline !important; white-space: normal; cursor: text; orphans: 2; float: none; -webkit-text-stroke-width: 0px; background-color: transparent;\"><b>Unabh\u00e4ngig davon, ob Sie einen neuen Standort planen oder einen bestehenden Standort ausbauen wollen unterst\u00fctze ich Sie bei der Pr\u00fcfung der Vorbedingungen.<\/b> F\u00fcr Ihr Vorhaben stehe ich als zentraler Ansprechpartner zur Verf\u00fcgung.\u00a0<\/span><\/strong><\/p>\n<hr \/>\n<p><strong><i class=\"fa fa-question-circle \" ><\/i> Ihre Frage:<\/strong><br \/>\nIch plane einen neuen Standort?<br \/>\nO<span style=\"display: inline !important; float: none; background-color: transparent; color: #333333; cursor: text; font-family: 'Libre Franklin','Helvetica Neue',helvetica,arial,sans-serif; font-size: 16px; font-style: normal; font-variant: normal; font-weight: 400; letter-spacing: normal; orphans: 2; text-align: left; text-decoration: none; text-indent: 0px; text-transform: none; -webkit-text-stroke-width: 0px; white-space: normal; word-spacing: 0px;\">der: Ich will meinen bestehenden Standort modernisieren?<br \/>\n<\/span> Was ist dabei zu beachten?<\/p>\n<p><strong><i class=\"fa fa-exclamation-circle \" ><\/i> Meine Leistung:<\/strong><br \/>\n<span style=\"display: inline !important; float: none; background-color: transparent; color: #333333; cursor: text; font-family: 'Libre Franklin','Helvetica Neue',helvetica,arial,sans-serif; font-size: 16px; font-style: normal; font-variant: normal; font-weight: 400; letter-spacing: normal; orphans: 2; text-align: left; text-decoration: none; text-indent: 0px; text-transform: none; -webkit-text-stroke-width: 0px; white-space: normal; word-spacing: 0px;\">Ich analysiere die Vorbedingungen am geplanten Standort. Dabei ber\u00fccksichtige ich Vorbedingungen wie z.B. Eignung des Gel\u00e4ndes (Tragf\u00e4higkeit, Bebauungsumfeld, Genehmigungsrecht, Infrastruktur etc.). Dazu erstelle ich einen ausf\u00fchrlichen Bericht.<\/span><\/p>\n<hr \/>\n<p><strong><b><i class=\"fa fa-question-circle \" ><\/i> <\/b>Ihre Frage:<\/strong><br \/>\nWie viele Ansprechpartner habe ich bei der Realisierung?<\/p>\n<p><strong><b><i class=\"fa fa-exclamation-circle \" ><\/i> <\/b>Meine Leistung:<\/strong><br \/>\nNur einen Ansprechpartner. Wie ein Architekt, der als Vertreter des Bauherren einen Hausbau betreut und daf\u00fcr die Konzepte und Zeichnungen, Ausschreibung, Bauausf\u00fchrung und Abnahmen bis zur Schl\u00fcssel\u00fcbergabe erledigt, k\u00fcmmere ich mich um alle anfallenden technischen Anforderungen bei Recyclingbetrieben.<\/p>\n","protected":false},"excerpt":{"rendered":"<p>Unabh\u00e4ngig davon, ob Sie einen neuen Standort planen oder einen bestehenden Standort ausbauen wollen unterst\u00fctze ich Sie bei der Pr\u00fcfung der Vorbedingungen. F\u00fcr Ihr Vorhaben stehe ich als zentraler Ansprechpartner zur Verf\u00fcgung.\u00a0 Ihre Frage: Ich plane einen neuen Standort? Oder: Ich will meinen bestehenden Standort modernisieren? Was ist dabei zu beachten? Meine Leistung: Ich analysiere &hellip; <\/p>\n<p class=\"link-more\"><a href=\"https:\/\/serohplan.de\/?page_id=91\" class=\"more-link\"><span class=\"screen-reader-text\">\u201eStandortplanung \/ Neubau \/ Umbau\u201c <\/span>weiterlesen<\/a><\/p>\n","protected":false},"author":1,"featured_media":0,"parent":0,"menu_order":0,"comment_status":"closed","ping_status":"closed","template":"","meta":{"jetpack_post_was_ever_published":false,"footnotes":""},"class_list":["post-91","page","type-page","status-publish","hentry"],"jetpack_sharing_enabled":true,"jetpack_shortlink":"https:\/\/wp.me\/PaCcNT-1t","jetpack-related-posts":[{"id":88,"url":"https:\/\/serohplan.de\/?page_id=88","url_meta":{"origin":91,"position":0},"title":"Standortplanung","author":"Metalchecker","date":"14. Januar 2019","format":false,"excerpt":"\u00a0 Unabh\u00e4ngig davon, ob Sie einen neuen Standort planen oder einen bestehenden Standort ausbauen wollen unterst\u00fctze ich Sie bei der Pr\u00fcfung der Vorbedingungen. Ihre Frage: Ich plane einen neuen Standort. Was ist dabei zu beachten? Meine Leistung: Ich pr\u00fcfe, ob tats\u00e4chlich ein Schrottplatz am geplanten Standort realisiert werden kann. Dabei\u2026","rel":"","context":"\u00c4hnlicher Beitrag","block_context":{"text":"\u00c4hnlicher Beitrag","link":""},"img":{"alt_text":"","src":"https:\/\/i0.wp.com\/serohplan.de\/wp-content\/uploads\/2019\/03\/serohplan_haus-300x290.jpg?resize=350%2C200&ssl=1","width":350,"height":200},"classes":[]},{"id":8,"url":"https:\/\/serohplan.de\/?page_id=8","url_meta":{"origin":91,"position":1},"title":"Startseite","author":"Metalchecker","date":"8. Januar 2019","format":false,"excerpt":"Sie betreiben einen Schrottplatz. Ihr Maschinenpark umfasst Shredder, Presse, Schrottschere und Aufbereitungstechnik. Durch die t\u00e4gliche Nutzung entsteht Verschlei\u00df. Gleichzeitig ist die regelm\u00e4\u00dfige Optimierung und Anpassung an sich \u00e4ndernde Kundenanforderungen erforderlich. Oder Sie planen einen neuen Standort oder den Ausbau eines bestehenden Standorts. Bei diesen Herausforderungen bin ich der Praktiker an\u2026","rel":"","context":"\u00c4hnlicher Beitrag","block_context":{"text":"\u00c4hnlicher Beitrag","link":""},"img":{"alt_text":"","src":"","width":0,"height":0},"classes":[]},{"id":85,"url":"https:\/\/serohplan.de\/?page_id=85","url_meta":{"origin":91,"position":2},"title":"Wertermittlung","author":"Metalchecker","date":"14. Januar 2019","format":false,"excerpt":"Sie m\u00fcssen Ihren Maschinenpark stetig an neue Anforderungen anpassen, Dabei erwerben Sie neue oder verkaufen bestehende Maschinen. Ich unterst\u00fctze Sie dabei, die Kernfrage nach dem jeweiligen Wert\u00a0 zu ermitteln. Ihre Frage: Ich will eine bestimmte Maschine kaufen bzw. verkaufen. Wie hoch ist der Wert dieser Maschine? Meine Leistung: Ich f\u00fchre\u2026","rel":"","context":"\u00c4hnlicher Beitrag","block_context":{"text":"\u00c4hnlicher Beitrag","link":""},"img":{"alt_text":"","src":"https:\/\/i0.wp.com\/serohplan.de\/wp-content\/uploads\/2019\/03\/serohplan_shredder-300x284.jpg?resize=350%2C200&ssl=1","width":350,"height":200},"classes":[]},{"id":99,"url":"https:\/\/serohplan.de\/?page_id=99","url_meta":{"origin":91,"position":3},"title":"Schulung","author":"Metalchecker","date":"14. Januar 2019","format":false,"excerpt":"Bedienungs- oder Wartungsfehler k\u00f6nnen Sie teuer zu stehen kommen. Zur Vermeidung schule ich Ihr Personal direkt vor Ort an der Maschine. Ihre Frage: Meine Kosten sind zu hoch oder die Maschinenverf\u00fcgbarkeit ist zu gering. Welche Ma\u00dfnahmen soll ich ergreifen? Meine Leistungen: Auf Basis einer Begehung und einem Fachgespr\u00e4ch mit dem\u2026","rel":"","context":"\u00c4hnlicher Beitrag","block_context":{"text":"\u00c4hnlicher Beitrag","link":""},"img":{"alt_text":"","src":"https:\/\/i0.wp.com\/serohplan.de\/wp-content\/uploads\/2019\/03\/serohplan_sieb-300x249.jpg?resize=350%2C200&ssl=1","width":350,"height":200},"classes":[]},{"id":57,"url":"https:\/\/serohplan.de\/?page_id=57","url_meta":{"origin":91,"position":4},"title":"Bedarfsorientierte \u00dcberholung","author":"Metalchecker","date":"14. Januar 2019","format":false,"excerpt":"Gerade bei Maschinen, die t\u00e4glich genutzt werden, treten Verschlei\u00dferscheinungen auf. Zur Sicherstellung der dauerhaften Funktionsf\u00e4higkeit ist daher eine regelm\u00e4\u00dfige bedarfsorientierte \u00dcberholung zwingend erforderlich. Um ein optimales Kosten-Nutzen-Verh\u00e4ltnis zu erreichen, unterst\u00fctze ich Sie mit eindeutigen Empfehlungen zur bedarfsgerechten Sanierung. Ihre Frage: Muss mein Shredder, Presse, Schrottschere etc.\u00a0\u00fcberholt werden? Meine Leistung: Ich\u2026","rel":"","context":"\u00c4hnlicher Beitrag","block_context":{"text":"\u00c4hnlicher Beitrag","link":""},"img":{"alt_text":"","src":"https:\/\/i0.wp.com\/serohplan.de\/wp-content\/uploads\/2019\/03\/serohplan_schneid-300x266.jpg?resize=350%2C200&ssl=1","width":350,"height":200},"classes":[]},{"id":81,"url":"https:\/\/serohplan.de\/?page_id=81","url_meta":{"origin":91,"position":5},"title":"Technische Optimierung","author":"Metalchecker","date":"14. Januar 2019","format":false,"excerpt":"Kundenanforderungen \u00e4ndern sich, neue Technologien kommen auf den Markt oder technische Probleme treten auf. Ich unterst\u00fctze Sie dabei, Ihre Maschinen optimal zu nutzen. \u00a0 Ihre Frage: Wo besteht in meinem Maschinenpark Optimierungspotenzial? Oder: Bei mir liegt ein bestimmtes technisches Problem vor. Wie kann ich dieses abstellen? Meine Leistung: Begehung der\u2026","rel":"","context":"\u00c4hnlicher Beitrag","block_context":{"text":"\u00c4hnlicher Beitrag","link":""},"img":{"alt_text":"","src":"https:\/\/i0.wp.com\/serohplan.de\/wp-content\/uploads\/2019\/03\/serohplan_press-300x211.jpg?resize=350%2C200&ssl=1","width":350,"height":200},"classes":[]}],"_links":{"self":[{"href":"https:\/\/serohplan.de\/index.php?rest_route=\/wp\/v2\/pages\/91","targetHints":{"allow":["GET"]}}],"collection":[{"href":"https:\/\/serohplan.de\/index.php?rest_route=\/wp\/v2\/pages"}],"about":[{"href":"https:\/\/serohplan.de\/index.php?rest_route=\/wp\/v2\/types\/page"}],"author":[{"embeddable":true,"href":"https:\/\/serohplan.de\/index.php?rest_route=\/wp\/v2\/users\/1"}],"replies":[{"embeddable":true,"href":"https:\/\/serohplan.de\/index.php?rest_route=%2Fwp%2Fv2%2Fcomments&post=91"}],"version-history":[{"count":10,"href":"https:\/\/serohplan.de\/index.php?rest_route=\/wp\/v2\/pages\/91\/revisions"}],"predecessor-version":[{"id":328,"href":"https:\/\/serohplan.de\/index.php?rest_route=\/wp\/v2\/pages\/91\/revisions\/328"}],"wp:attachment":[{"href":"https:\/\/serohplan.de\/index.php?rest_route=%2Fwp%2Fv2%2Fmedia&parent=91"}],"curies":[{"name":"wp","href":"https:\/\/api.w.org\/{rel}","templated":true}]}}