{"id":9,"date":"2019-01-08T14:33:10","date_gmt":"2019-01-08T14:33:10","guid":{"rendered":"https:\/\/serohplan.live-website.com\/?page_id=9"},"modified":"2019-06-11T12:58:51","modified_gmt":"2019-06-11T12:58:51","slug":"ueber-mich","status":"publish","type":"page","link":"https:\/\/serohplan.de\/?page_id=9","title":{"rendered":"\u00dcber mich"},"content":{"rendered":"<p style=\"text-align: center;\"><strong>Seit dem Jahr 1993 bin ich in unterschiedlichen Positionen in der Recyclingbranche t\u00e4tig. Meine Kunden sch\u00e4tzen diese reichhaltigen Erfahrungen aus der Praxis.\u00a0<\/strong><\/p>\n<hr \/>\n<p><strong>Qualifikation<\/strong><\/p>\n<ul>\n<li>Maschinensachverst\u00e4ndiger der DESAG (Deutsche Sachverst\u00e4ndigen Gesellschaft mbH) und der BSG e.V (Berufsfachverband f\u00fcr den Sachverst\u00e4ndigen- und Gutachterwesen e.V.)<\/li>\n<li>Pr\u00fcfung und Abschluss sowie regelm\u00e4\u00dfige Schulung nach \u00a79 EFB im Rahmen des KrW-\/AbfG (Fachkundenachweis f\u00fcr F\u00fchrungs- und Aufsichtspersonal in Entsorgungsfachbetrieben)<\/li>\n<li>Schulung zum Sachverst\u00e4ndigen f\u00fcr Risspr\u00fcfung und Schadensbeurteilung Maschinen und Konstruktionen<\/li>\n<li>Pr\u00fcfung und Abschluss zum Sachverst\u00e4ndigen nach \u00a719i WHG ( Beurteilung und Abnahme von Dichtfl\u00e4chen auf B\u00f6den und Wannen)<\/li>\n<li>Pr\u00fcfung und Abschluss zum Eisenbahnbetriebsleiter (\u00dcberwachung des betriebsinternen Bahnverkehr)<\/li>\n<li>Diverse betriebsinterne Managementschulungen f\u00fcr F\u00fchrungskr\u00e4fte<\/li>\n<li>F\u00fchrungserfahrung in Recyclingbetrieben von bis zu 65 Mitarbeitern<\/li>\n<li>Diverse Bef\u00e4higungsnachweise wie Baumaschinenf\u00fchrerschein sowie Gabelstaplerschein<\/li>\n<\/ul>\n<style type=\"text\/css\">\n#foogallery-gallery-374 .fg-image { width: 640px; }<\/style>\n\t\t\t<div class=\"foogallery foogallery-container foogallery-image-viewer foogallery-link-image foogallery-lightbox-none fg-center fg-image-viewer fg-ready fg-light fg-border-thin fg-shadow-outline fg-loading-default fg-loaded-fade-in fg-caption-hover fg-hover-fade fg-hover-zoom\" id=\"foogallery-gallery-374\" data-foogallery=\"{&quot;item&quot;:{&quot;showCaptionTitle&quot;:true,&quot;showCaptionDescription&quot;:true},&quot;lazy&quot;:true,&quot;template&quot;:{&quot;loop&quot;:true}}\" style=\"--fg-title-line-clamp: 0; --fg-description-line-clamp: 0;\" >\n\t<div class=\"fiv-inner\">\n\t\t<div class=\"fiv-inner-container\">\n\t\t\t<div class=\"fg-item fg-type-image fg-idle\"><figure class=\"fg-item-inner\"><a href=\"https:\/\/serohplan.de\/wp-content\/uploads\/2019\/06\/desag_kievernagel_2-e1560178400745.png\" data-attachment-id=\"370\" data-type=\"image\" class=\"fg-thumb\"><span class=\"fg-image-wrap\"><img fetchpriority=\"high\" decoding=\"async\" width=\"640\" height=\"360\" class=\"skip-lazy fg-image\" data-src-fg=\"https:\/\/serohplan.de\/wp-content\/uploads\/cache\/2019\/06\/desag_kievernagel_2-e1560178400745\/678236696.png\" src=\"data:image\/svg+xml,%3Csvg%20xmlns%3D%22http%3A%2F%2Fwww.w3.org%2F2000%2Fsvg%22%20width%3D%22640%22%20height%3D%22360%22%20viewBox%3D%220%200%20640%20360%22%3E%3C%2Fsvg%3E\" loading=\"eager\"><\/span><span class=\"fg-image-overlay\"><\/span><\/a><\/figure><div class=\"fg-loader\"><\/div><\/div><div class=\"fg-item fg-type-image fg-idle\"><figure class=\"fg-item-inner\"><a href=\"https:\/\/serohplan.de\/wp-content\/uploads\/2019\/06\/desag_kievernagel_1.png\" data-attachment-id=\"368\" data-type=\"image\" class=\"fg-thumb\"><span class=\"fg-image-wrap\"><img decoding=\"async\" width=\"640\" height=\"360\" class=\"skip-lazy fg-image\" data-src-fg=\"https:\/\/serohplan.de\/wp-content\/uploads\/cache\/2019\/06\/desag_kievernagel_1\/581122589.png\" src=\"data:image\/svg+xml,%3Csvg%20xmlns%3D%22http%3A%2F%2Fwww.w3.org%2F2000%2Fsvg%22%20width%3D%22640%22%20height%3D%22360%22%20viewBox%3D%220%200%20640%20360%22%3E%3C%2Fsvg%3E\" loading=\"eager\"><\/span><span class=\"fg-image-overlay\"><\/span><\/a><\/figure><div class=\"fg-loader\"><\/div><\/div>\t\t<\/div>\n\t\t<div class=\"fiv-ctrls\">\n\t\t\t<button type=\"button\" class=\"fiv-prev\" title=\"Zur\u00fcck\"><span>Zur\u00fcck<\/span><\/button>\n\t\t\t<label class=\"fiv-count\"><span class=\"fiv-count-current\">1<\/span>von<span class=\"fiv-count-total\">2<\/span><\/label>\n\t\t\t<button type=\"button\" class=\"fiv-next\" title=\"Vor\"><span>Vor<\/span><\/button>\n\t\t<\/div>\n\t<\/div>\n<\/div>\n<p>&nbsp;<\/p>\n<p>&nbsp;<\/p>\n","protected":false},"excerpt":{"rendered":"<p>Seit dem Jahr 1993 bin ich in unterschiedlichen Positionen in der Recyclingbranche t\u00e4tig. Meine Kunden sch\u00e4tzen diese reichhaltigen Erfahrungen aus der Praxis.\u00a0 Qualifikation Maschinensachverst\u00e4ndiger der DESAG (Deutsche Sachverst\u00e4ndigen Gesellschaft mbH) und der BSG e.V (Berufsfachverband f\u00fcr den Sachverst\u00e4ndigen- und Gutachterwesen e.V.) Pr\u00fcfung und Abschluss sowie regelm\u00e4\u00dfige Schulung nach \u00a79 EFB im Rahmen des KrW-\/AbfG (Fachkundenachweis &hellip; <\/p>\n<p class=\"link-more\"><a href=\"https:\/\/serohplan.de\/?page_id=9\" class=\"more-link\"><span class=\"screen-reader-text\">\u201e\u00dcber mich\u201c <\/span>weiterlesen<\/a><\/p>\n","protected":false},"author":1,"featured_media":0,"parent":0,"menu_order":0,"comment_status":"closed","ping_status":"closed","template":"","meta":{"jetpack_post_was_ever_published":false,"footnotes":""},"class_list":["post-9","page","type-page","status-publish","hentry"],"jetpack_sharing_enabled":true,"jetpack_shortlink":"https:\/\/wp.me\/PaCcNT-9","jetpack-related-posts":[{"id":121,"url":"https:\/\/serohplan.de\/?page_id=121","url_meta":{"origin":9,"position":0},"title":"Datenschutzerkl\u00e4rung","author":"Metalchecker","date":"14. Januar 2019","format":false,"excerpt":"Datenschutzerkl\u00e4rung Wir freuen uns sehr \u00fcber Ihr Interesse an unserem Unternehmen. Datenschutz hat einen besonders hohen Stellenwert f\u00fcr die Gesch\u00e4ftsleitung der SeRohPlan GmbH. Eine Nutzung der Internetseiten der SeRohPlan GmbH ist grunds\u00e4tzlich ohne jede Angabe personenbezogener Daten m\u00f6glich. Sofern eine betroffene Person besondere Services unseres Unternehmens \u00fcber unsere Internetseite in\u2026","rel":"","context":"\u00c4hnlicher Beitrag","block_context":{"text":"\u00c4hnlicher Beitrag","link":""},"img":{"alt_text":"","src":"","width":0,"height":0},"classes":[]},{"id":91,"url":"https:\/\/serohplan.de\/?page_id=91","url_meta":{"origin":9,"position":1},"title":"Standortplanung \/ Neubau \/ Umbau","author":"Metalchecker","date":"14. Januar 2019","format":false,"excerpt":"Unabh\u00e4ngig davon, ob Sie einen neuen Standort planen oder einen bestehenden Standort ausbauen wollen unterst\u00fctze ich Sie bei der Pr\u00fcfung der Vorbedingungen. F\u00fcr Ihr Vorhaben stehe ich als zentraler Ansprechpartner zur Verf\u00fcgung.\u00a0 Ihre Frage: Ich plane einen neuen Standort? Oder: Ich will meinen bestehenden Standort modernisieren? Was ist dabei zu\u2026","rel":"","context":"\u00c4hnlicher Beitrag","block_context":{"text":"\u00c4hnlicher Beitrag","link":""},"img":{"alt_text":"","src":"https:\/\/i0.wp.com\/serohplan.de\/wp-content\/uploads\/2019\/03\/serohplan_haus-300x290.jpg?resize=350%2C200&ssl=1","width":350,"height":200},"classes":[]},{"id":40,"url":"https:\/\/serohplan.de\/?page_id=40","url_meta":{"origin":9,"position":2},"title":"Kontakt\/Impressum","author":"Metalchecker","date":"8. Januar 2019","format":false,"excerpt":"Angaben gem\u00e4\u00df \u00a7 5 TMG SeRohPlan GmbHRecycling \u2013 Planung \u2013 RealisationMartin Kievernagel Am Walde 16 Telefon: +49 (0)4144 235 233Mobil: +49 (0)172 260 4527Mail: kievernagel@serohplan.de Vertreten durch: Martin Kievernagel Registereintrag: Eintragung im Handelsregister, Registergericht: TostedtRegisternummer: HRB 207108 Umsatzsteuer-ID: Umsatzsteuer-Identifikationsnummer gem\u00e4\u00df \u00a727a Umsatzsteuergesetz: USt.-ID-Nr.: DE 321 512 550 Haftungsausschluss: Haftung f\u00fcr\u2026","rel":"","context":"\u00c4hnlicher Beitrag","block_context":{"text":"\u00c4hnlicher Beitrag","link":""},"img":{"alt_text":"","src":"","width":0,"height":0},"classes":[]},{"id":99,"url":"https:\/\/serohplan.de\/?page_id=99","url_meta":{"origin":9,"position":3},"title":"Schulung","author":"Metalchecker","date":"14. Januar 2019","format":false,"excerpt":"Bedienungs- oder Wartungsfehler k\u00f6nnen Sie teuer zu stehen kommen. Zur Vermeidung schule ich Ihr Personal direkt vor Ort an der Maschine. Ihre Frage: Meine Kosten sind zu hoch oder die Maschinenverf\u00fcgbarkeit ist zu gering. Welche Ma\u00dfnahmen soll ich ergreifen? Meine Leistungen: Auf Basis einer Begehung und einem Fachgespr\u00e4ch mit dem\u2026","rel":"","context":"\u00c4hnlicher Beitrag","block_context":{"text":"\u00c4hnlicher Beitrag","link":""},"img":{"alt_text":"","src":"https:\/\/i0.wp.com\/serohplan.de\/wp-content\/uploads\/2019\/03\/serohplan_sieb-300x249.jpg?resize=350%2C200&ssl=1","width":350,"height":200},"classes":[]},{"id":57,"url":"https:\/\/serohplan.de\/?page_id=57","url_meta":{"origin":9,"position":4},"title":"Bedarfsorientierte \u00dcberholung","author":"Metalchecker","date":"14. Januar 2019","format":false,"excerpt":"Gerade bei Maschinen, die t\u00e4glich genutzt werden, treten Verschlei\u00dferscheinungen auf. Zur Sicherstellung der dauerhaften Funktionsf\u00e4higkeit ist daher eine regelm\u00e4\u00dfige bedarfsorientierte \u00dcberholung zwingend erforderlich. Um ein optimales Kosten-Nutzen-Verh\u00e4ltnis zu erreichen, unterst\u00fctze ich Sie mit eindeutigen Empfehlungen zur bedarfsgerechten Sanierung. Ihre Frage: Muss mein Shredder, Presse, Schrottschere etc.\u00a0\u00fcberholt werden? Meine Leistung: Ich\u2026","rel":"","context":"\u00c4hnlicher Beitrag","block_context":{"text":"\u00c4hnlicher Beitrag","link":""},"img":{"alt_text":"","src":"https:\/\/i0.wp.com\/serohplan.de\/wp-content\/uploads\/2019\/03\/serohplan_schneid-300x266.jpg?resize=350%2C200&ssl=1","width":350,"height":200},"classes":[]},{"id":85,"url":"https:\/\/serohplan.de\/?page_id=85","url_meta":{"origin":9,"position":5},"title":"Wertermittlung","author":"Metalchecker","date":"14. Januar 2019","format":false,"excerpt":"Sie m\u00fcssen Ihren Maschinenpark stetig an neue Anforderungen anpassen, Dabei erwerben Sie neue oder verkaufen bestehende Maschinen. Ich unterst\u00fctze Sie dabei, die Kernfrage nach dem jeweiligen Wert\u00a0 zu ermitteln. Ihre Frage: Ich will eine bestimmte Maschine kaufen bzw. verkaufen. Wie hoch ist der Wert dieser Maschine? Meine Leistung: Ich f\u00fchre\u2026","rel":"","context":"\u00c4hnlicher Beitrag","block_context":{"text":"\u00c4hnlicher Beitrag","link":""},"img":{"alt_text":"","src":"https:\/\/i0.wp.com\/serohplan.de\/wp-content\/uploads\/2019\/03\/serohplan_shredder-300x284.jpg?resize=350%2C200&ssl=1","width":350,"height":200},"classes":[]}],"_links":{"self":[{"href":"https:\/\/serohplan.de\/index.php?rest_route=\/wp\/v2\/pages\/9","targetHints":{"allow":["GET"]}}],"collection":[{"href":"https:\/\/serohplan.de\/index.php?rest_route=\/wp\/v2\/pages"}],"about":[{"href":"https:\/\/serohplan.de\/index.php?rest_route=\/wp\/v2\/types\/page"}],"author":[{"embeddable":true,"href":"https:\/\/serohplan.de\/index.php?rest_route=\/wp\/v2\/users\/1"}],"replies":[{"embeddable":true,"href":"https:\/\/serohplan.de\/index.php?rest_route=%2Fwp%2Fv2%2Fcomments&post=9"}],"version-history":[{"count":20,"href":"https:\/\/serohplan.de\/index.php?rest_route=\/wp\/v2\/pages\/9\/revisions"}],"predecessor-version":[{"id":377,"href":"https:\/\/serohplan.de\/index.php?rest_route=\/wp\/v2\/pages\/9\/revisions\/377"}],"wp:attachment":[{"href":"https:\/\/serohplan.de\/index.php?rest_route=%2Fwp%2Fv2%2Fmedia&parent=9"}],"curies":[{"name":"wp","href":"https:\/\/api.w.org\/{rel}","templated":true}]}}