{"id":81,"date":"2019-01-14T10:01:23","date_gmt":"2019-01-14T10:01:23","guid":{"rendered":"https:\/\/serohplan.live-website.com\/?page_id=81"},"modified":"2019-03-21T11:34:22","modified_gmt":"2019-03-21T11:34:22","slug":"technische-optimierung","status":"publish","type":"page","link":"https:\/\/serohplan.de\/?page_id=81","title":{"rendered":"Technische Optimierung"},"content":{"rendered":"<p><img data-recalc-dims=\"1\" loading=\"lazy\" decoding=\"async\" data-attachment-id=\"265\" data-permalink=\"https:\/\/serohplan.de\/?attachment_id=265\" data-orig-file=\"https:\/\/i0.wp.com\/serohplan.de\/wp-content\/uploads\/2019\/03\/serohplan_press.jpg?fit=879%2C619&amp;ssl=1\" data-orig-size=\"879,619\" data-comments-opened=\"1\" data-image-meta=\"{&quot;aperture&quot;:&quot;0&quot;,&quot;credit&quot;:&quot;&quot;,&quot;camera&quot;:&quot;&quot;,&quot;caption&quot;:&quot;&quot;,&quot;created_timestamp&quot;:&quot;0&quot;,&quot;copyright&quot;:&quot;&quot;,&quot;focal_length&quot;:&quot;0&quot;,&quot;iso&quot;:&quot;0&quot;,&quot;shutter_speed&quot;:&quot;0&quot;,&quot;title&quot;:&quot;&quot;,&quot;orientation&quot;:&quot;1&quot;}\" data-image-title=\"serohplan_press\" data-image-description=\"\" data-image-caption=\"&lt;p&gt;Technische Optimierung&lt;\/p&gt;\n\" data-large-file=\"https:\/\/i0.wp.com\/serohplan.de\/wp-content\/uploads\/2019\/03\/serohplan_press.jpg?fit=525%2C370&amp;ssl=1\" class=\"wp-image-265\" src=\"https:\/\/i0.wp.com\/serohplan.de\/wp-content\/uploads\/2019\/03\/serohplan_press.jpg?resize=500%2C352&#038;ssl=1\" alt=\"\" width=\"500\" height=\"352\" srcset=\"https:\/\/i0.wp.com\/serohplan.de\/wp-content\/uploads\/2019\/03\/serohplan_press.jpg?resize=300%2C211&amp;ssl=1 300w, https:\/\/i0.wp.com\/serohplan.de\/wp-content\/uploads\/2019\/03\/serohplan_press.jpg?resize=768%2C541&amp;ssl=1 768w, https:\/\/i0.wp.com\/serohplan.de\/wp-content\/uploads\/2019\/03\/serohplan_press.jpg?w=879&amp;ssl=1 879w\" sizes=\"auto, (max-width: 500px) 100vw, 500px\" \/><\/p>\n<p style=\"text-align: center;\"><b>Kundenanforderungen \u00e4ndern sich, neue Technologien kommen auf den Markt oder technische Probleme treten auf. Ich unterst\u00fctze Sie dabei, Ihre Maschinen optimal zu nutzen. \u00a0<\/b><\/p>\n<hr \/>\n<p><strong><i class=\"fa fa-question-circle \" ><\/i> Ihre Frage:<\/strong><br \/>\nWo besteht in meinem Maschinenpark Optimierungspotenzial?<br \/>\nOder: Bei mir liegt ein bestimmtes technisches Problem vor. Wie kann ich dieses abstellen?<\/p>\n<p><strong><i class=\"fa fa-exclamation-circle \" ><\/i> Meine Leistung:<\/strong><br \/>\nBegehung der mobilen und station\u00e4ren Anlagentechnik mit ersten Empfehlungen zur Optimierung\/Probleml\u00f6sung.<\/p>\n<hr \/>\n<p><strong><b><i class=\"fa fa-question-circle \" ><\/i><\/b> Ihre Frage:<\/strong><br \/>\nDas Problem ist erkannt. Wie wird es gel\u00f6st?<\/p>\n<p><strong><b><i class=\"fa fa-exclamation-circle \" ><\/i> <\/b>Meine Leistung:<\/strong><br \/>\nSie erhalten einen ausf\u00fchrlichen Bericht mit einem konkreten, individuellen\u00a0 L\u00f6sungsvorschlag.<\/p>\n<hr \/>\n<p><strong><b><i class=\"fa fa-question-circle \" ><\/i><\/b> Ihre Frage:<\/strong><br \/>\nWelche Kosten sind zu erwarten?<\/p>\n<p><strong><b><i class=\"fa fa-exclamation-circle \" ><\/i> <\/b>Meine Leistung:<\/strong><br \/>\nZun\u00e4chst erstelle ich Ihnen auf Basis meiner Erfahrungen eine Kostensch\u00e4tzung. Bei Interesse erfolgt, in Absprache, eine detaillierte Ausschreibung an geeignete Fachunternehmen.<\/p>\n<hr \/>\n<p><strong><b><i class=\"fa fa-question-circle \" ><\/i><\/b> Ihre Frage:<\/strong><br \/>\nWie lange dauert die Ma\u00dfnahme?<\/p>\n<p><strong><b><i class=\"fa fa-exclamation-circle \" ><\/i> <\/b>Meine Leistung:<\/strong><br \/>\nErstellung eines Bauzeitenplans mit exakten Angaben zur Dauer.<\/p>\n<hr \/>\n<p><strong><b><i class=\"fa fa-question-circle \" ><\/i><\/b> Ihre Frage:<\/strong><br \/>\nWer \u00fcberwacht und koordiniert die Ma\u00dfnahme?<\/p>\n<p><strong><b><i class=\"fa fa-exclamation-circle \" ><\/i> <\/b>Meine Leistung:<\/strong><br \/>\nIch stehe als Projektleiter \u2013 auch vor Ort \u2013 zur Verf\u00fcgung und vertrete gegen\u00fcber den ausf\u00fchrenden Firmen den Bauherrn inklusive Kosten\u00fcberwachung und verbindlicher Rechnungspr\u00fcfung.<\/p>\n<hr \/>\n<p><strong><b><i class=\"fa fa-question-circle \" ><\/i><\/b> Ihre Frage:<\/strong><br \/>\nWer \u00fcbernimmt die Abnahme und Leistungsfahrt?<\/p>\n<p><strong><b><i class=\"fa fa-exclamation-circle \" ><\/i> <\/b>Meine Leistung:<\/strong><br \/>\nIch \u00fcbernehme die technische Abnahme aller Sanierungsleistungen und \u00fcberwache vor Ort die Wiederinbetriebnahme.<\/p>\n","protected":false},"excerpt":{"rendered":"<p>Kundenanforderungen \u00e4ndern sich, neue Technologien kommen auf den Markt oder technische Probleme treten auf. Ich unterst\u00fctze Sie dabei, Ihre Maschinen optimal zu nutzen. \u00a0 Ihre Frage: Wo besteht in meinem Maschinenpark Optimierungspotenzial? Oder: Bei mir liegt ein bestimmtes technisches Problem vor. Wie kann ich dieses abstellen? Meine Leistung: Begehung der mobilen und station\u00e4ren Anlagentechnik mit &hellip; <\/p>\n<p class=\"link-more\"><a href=\"https:\/\/serohplan.de\/?page_id=81\" class=\"more-link\"><span class=\"screen-reader-text\">\u201eTechnische Optimierung\u201c <\/span>weiterlesen<\/a><\/p>\n","protected":false},"author":1,"featured_media":0,"parent":0,"menu_order":0,"comment_status":"closed","ping_status":"closed","template":"","meta":{"jetpack_post_was_ever_published":false,"footnotes":""},"class_list":["post-81","page","type-page","status-publish","hentry"],"jetpack_sharing_enabled":true,"jetpack_shortlink":"https:\/\/wp.me\/PaCcNT-1j","jetpack-related-posts":[{"id":57,"url":"https:\/\/serohplan.de\/?page_id=57","url_meta":{"origin":81,"position":0},"title":"Bedarfsorientierte \u00dcberholung","author":"Metalchecker","date":"14. Januar 2019","format":false,"excerpt":"Gerade bei Maschinen, die t\u00e4glich genutzt werden, treten Verschlei\u00dferscheinungen auf. Zur Sicherstellung der dauerhaften Funktionsf\u00e4higkeit ist daher eine regelm\u00e4\u00dfige bedarfsorientierte \u00dcberholung zwingend erforderlich. Um ein optimales Kosten-Nutzen-Verh\u00e4ltnis zu erreichen, unterst\u00fctze ich Sie mit eindeutigen Empfehlungen zur bedarfsgerechten Sanierung. Ihre Frage: Muss mein Shredder, Presse, Schrottschere etc.\u00a0\u00fcberholt werden? Meine Leistung: Ich\u2026","rel":"","context":"\u00c4hnlicher Beitrag","block_context":{"text":"\u00c4hnlicher Beitrag","link":""},"img":{"alt_text":"","src":"https:\/\/i0.wp.com\/serohplan.de\/wp-content\/uploads\/2019\/03\/serohplan_schneid-300x266.jpg?resize=350%2C200&ssl=1","width":350,"height":200},"classes":[]},{"id":99,"url":"https:\/\/serohplan.de\/?page_id=99","url_meta":{"origin":81,"position":1},"title":"Schulung","author":"Metalchecker","date":"14. Januar 2019","format":false,"excerpt":"Bedienungs- oder Wartungsfehler k\u00f6nnen Sie teuer zu stehen kommen. Zur Vermeidung schule ich Ihr Personal direkt vor Ort an der Maschine. Ihre Frage: Meine Kosten sind zu hoch oder die Maschinenverf\u00fcgbarkeit ist zu gering. Welche Ma\u00dfnahmen soll ich ergreifen? Meine Leistungen: Auf Basis einer Begehung und einem Fachgespr\u00e4ch mit dem\u2026","rel":"","context":"\u00c4hnlicher Beitrag","block_context":{"text":"\u00c4hnlicher Beitrag","link":""},"img":{"alt_text":"","src":"https:\/\/i0.wp.com\/serohplan.de\/wp-content\/uploads\/2019\/03\/serohplan_sieb-300x249.jpg?resize=350%2C200&ssl=1","width":350,"height":200},"classes":[]},{"id":91,"url":"https:\/\/serohplan.de\/?page_id=91","url_meta":{"origin":81,"position":2},"title":"Standortplanung \/ Neubau \/ Umbau","author":"Metalchecker","date":"14. Januar 2019","format":false,"excerpt":"Unabh\u00e4ngig davon, ob Sie einen neuen Standort planen oder einen bestehenden Standort ausbauen wollen unterst\u00fctze ich Sie bei der Pr\u00fcfung der Vorbedingungen. F\u00fcr Ihr Vorhaben stehe ich als zentraler Ansprechpartner zur Verf\u00fcgung.\u00a0 Ihre Frage: Ich plane einen neuen Standort? Oder: Ich will meinen bestehenden Standort modernisieren? Was ist dabei zu\u2026","rel":"","context":"\u00c4hnlicher Beitrag","block_context":{"text":"\u00c4hnlicher Beitrag","link":""},"img":{"alt_text":"","src":"https:\/\/i0.wp.com\/serohplan.de\/wp-content\/uploads\/2019\/03\/serohplan_haus-300x290.jpg?resize=350%2C200&ssl=1","width":350,"height":200},"classes":[]},{"id":88,"url":"https:\/\/serohplan.de\/?page_id=88","url_meta":{"origin":81,"position":3},"title":"Standortplanung","author":"Metalchecker","date":"14. Januar 2019","format":false,"excerpt":"\u00a0 Unabh\u00e4ngig davon, ob Sie einen neuen Standort planen oder einen bestehenden Standort ausbauen wollen unterst\u00fctze ich Sie bei der Pr\u00fcfung der Vorbedingungen. Ihre Frage: Ich plane einen neuen Standort. Was ist dabei zu beachten? Meine Leistung: Ich pr\u00fcfe, ob tats\u00e4chlich ein Schrottplatz am geplanten Standort realisiert werden kann. Dabei\u2026","rel":"","context":"\u00c4hnlicher Beitrag","block_context":{"text":"\u00c4hnlicher Beitrag","link":""},"img":{"alt_text":"","src":"https:\/\/i0.wp.com\/serohplan.de\/wp-content\/uploads\/2019\/03\/serohplan_haus-300x290.jpg?resize=350%2C200&ssl=1","width":350,"height":200},"classes":[]},{"id":85,"url":"https:\/\/serohplan.de\/?page_id=85","url_meta":{"origin":81,"position":4},"title":"Wertermittlung","author":"Metalchecker","date":"14. Januar 2019","format":false,"excerpt":"Sie m\u00fcssen Ihren Maschinenpark stetig an neue Anforderungen anpassen, Dabei erwerben Sie neue oder verkaufen bestehende Maschinen. Ich unterst\u00fctze Sie dabei, die Kernfrage nach dem jeweiligen Wert\u00a0 zu ermitteln. Ihre Frage: Ich will eine bestimmte Maschine kaufen bzw. verkaufen. Wie hoch ist der Wert dieser Maschine? Meine Leistung: Ich f\u00fchre\u2026","rel":"","context":"\u00c4hnlicher Beitrag","block_context":{"text":"\u00c4hnlicher Beitrag","link":""},"img":{"alt_text":"","src":"https:\/\/i0.wp.com\/serohplan.de\/wp-content\/uploads\/2019\/03\/serohplan_shredder-300x284.jpg?resize=350%2C200&ssl=1","width":350,"height":200},"classes":[]},{"id":8,"url":"https:\/\/serohplan.de\/?page_id=8","url_meta":{"origin":81,"position":5},"title":"Startseite","author":"Metalchecker","date":"8. Januar 2019","format":false,"excerpt":"Sie betreiben einen Schrottplatz. Ihr Maschinenpark umfasst Shredder, Presse, Schrottschere und Aufbereitungstechnik. Durch die t\u00e4gliche Nutzung entsteht Verschlei\u00df. Gleichzeitig ist die regelm\u00e4\u00dfige Optimierung und Anpassung an sich \u00e4ndernde Kundenanforderungen erforderlich. Oder Sie planen einen neuen Standort oder den Ausbau eines bestehenden Standorts. Bei diesen Herausforderungen bin ich der Praktiker an\u2026","rel":"","context":"\u00c4hnlicher Beitrag","block_context":{"text":"\u00c4hnlicher Beitrag","link":""},"img":{"alt_text":"","src":"","width":0,"height":0},"classes":[]}],"_links":{"self":[{"href":"https:\/\/serohplan.de\/index.php?rest_route=\/wp\/v2\/pages\/81","targetHints":{"allow":["GET"]}}],"collection":[{"href":"https:\/\/serohplan.de\/index.php?rest_route=\/wp\/v2\/pages"}],"about":[{"href":"https:\/\/serohplan.de\/index.php?rest_route=\/wp\/v2\/types\/page"}],"author":[{"embeddable":true,"href":"https:\/\/serohplan.de\/index.php?rest_route=\/wp\/v2\/users\/1"}],"replies":[{"embeddable":true,"href":"https:\/\/serohplan.de\/index.php?rest_route=%2Fwp%2Fv2%2Fcomments&post=81"}],"version-history":[{"count":4,"href":"https:\/\/serohplan.de\/index.php?rest_route=\/wp\/v2\/pages\/81\/revisions"}],"predecessor-version":[{"id":322,"href":"https:\/\/serohplan.de\/index.php?rest_route=\/wp\/v2\/pages\/81\/revisions\/322"}],"wp:attachment":[{"href":"https:\/\/serohplan.de\/index.php?rest_route=%2Fwp%2Fv2%2Fmedia&parent=81"}],"curies":[{"name":"wp","href":"https:\/\/api.w.org\/{rel}","templated":true}]}}