{"id":57,"date":"2019-01-14T10:01:35","date_gmt":"2019-01-14T10:01:35","guid":{"rendered":"https:\/\/serohplan.live-website.com\/?page_id=57"},"modified":"2019-03-21T11:31:24","modified_gmt":"2019-03-21T11:31:24","slug":"bedarfsorientierte-ueberholung","status":"publish","type":"page","link":"https:\/\/serohplan.de\/?page_id=57","title":{"rendered":"Bedarfsorientierte \u00dcberholung"},"content":{"rendered":"<p><img data-recalc-dims=\"1\" loading=\"lazy\" decoding=\"async\" data-attachment-id=\"266\" data-permalink=\"https:\/\/serohplan.de\/?attachment_id=266\" data-orig-file=\"https:\/\/i0.wp.com\/serohplan.de\/wp-content\/uploads\/2019\/03\/serohplan_schneid.jpg?fit=777%2C690&amp;ssl=1\" data-orig-size=\"777,690\" data-comments-opened=\"1\" data-image-meta=\"{&quot;aperture&quot;:&quot;0&quot;,&quot;credit&quot;:&quot;&quot;,&quot;camera&quot;:&quot;&quot;,&quot;caption&quot;:&quot;&quot;,&quot;created_timestamp&quot;:&quot;0&quot;,&quot;copyright&quot;:&quot;&quot;,&quot;focal_length&quot;:&quot;0&quot;,&quot;iso&quot;:&quot;0&quot;,&quot;shutter_speed&quot;:&quot;0&quot;,&quot;title&quot;:&quot;&quot;,&quot;orientation&quot;:&quot;1&quot;}\" data-image-title=\"serohplan_schneid\" data-image-description=\"\" data-image-caption=\"&lt;p&gt;Bedarfsorientierte \u00dcberholung&lt;\/p&gt;\n\" data-large-file=\"https:\/\/i0.wp.com\/serohplan.de\/wp-content\/uploads\/2019\/03\/serohplan_schneid.jpg?fit=525%2C466&amp;ssl=1\" class=\"wp-image-266\" src=\"https:\/\/i0.wp.com\/serohplan.de\/wp-content\/uploads\/2019\/03\/serohplan_schneid.jpg?resize=500%2C444&#038;ssl=1\" alt=\"\" width=\"500\" height=\"444\" srcset=\"https:\/\/i0.wp.com\/serohplan.de\/wp-content\/uploads\/2019\/03\/serohplan_schneid.jpg?resize=300%2C266&amp;ssl=1 300w, https:\/\/i0.wp.com\/serohplan.de\/wp-content\/uploads\/2019\/03\/serohplan_schneid.jpg?resize=768%2C682&amp;ssl=1 768w, https:\/\/i0.wp.com\/serohplan.de\/wp-content\/uploads\/2019\/03\/serohplan_schneid.jpg?w=777&amp;ssl=1 777w\" sizes=\"auto, (max-width: 500px) 100vw, 500px\" \/><\/p>\n<p style=\"text-align: center;\"><strong>Gerade bei Maschinen, die t\u00e4glich genutzt werden, treten Verschlei\u00dferscheinungen auf. Zur Sicherstellung der dauerhaften Funktionsf\u00e4higkeit ist daher eine regelm\u00e4\u00dfige bedarfsorientierte \u00dcberholung zwingend erforderlich. Um ein optimales Kosten-Nutzen-Verh\u00e4ltnis zu erreichen, unterst\u00fctze ich Sie mit <span style=\"text-align: left; color: #333333; text-transform: none; text-indent: 0px; letter-spacing: normal; font-family: 'Libre Franklin','Helvetica Neue',helvetica,arial,sans-serif; font-size: 16px; font-style: normal; font-variant: normal; text-decoration: none; word-spacing: 0px; display: inline !important; white-space: normal; cursor: text; orphans: 2; float: none; -webkit-text-stroke-width: 0px; background-color: transparent;\">eindeutigen Empfehlungen zur bedarfsgerechten Sanierung.<\/span><\/strong><\/p>\n<hr \/>\n<p><strong><span style=\"display: inline !important; float: none; background-color: transparent; color: #333333; cursor: text; font-family: 'Libre Franklin','Helvetica Neue',helvetica,arial,sans-serif; font-size: 16px; font-style: normal; font-variant: normal; font-weight: 400; letter-spacing: normal; orphans: 2; text-align: left; text-decoration: none; text-indent: 0px; text-transform: none; -webkit-text-stroke-width: 0px; white-space: normal; word-spacing: 0px;\"><i class=\"fa fa-question-circle \" ><\/i><\/span><\/strong> <strong>Ihre Frage: <\/strong><br \/>\nMuss mein Shredder, Presse, Schrottschere etc.\u00a0\u00fcberholt werden?<br \/>\n<strong><span style=\"color: #339966; font-size: 24pt;\"><span style=\"display: inline !important; float: none; background-color: transparent; color: #333333; cursor: text; font-family: 'Libre Franklin','Helvetica Neue',helvetica,arial,sans-serif; font-size: 16px; font-style: normal; font-variant: normal; font-weight: 400; letter-spacing: normal; orphans: 2; text-align: left; text-decoration: none; text-indent: 0px; text-transform: none; -webkit-text-stroke-width: 0px; white-space: normal; word-spacing: 0px;\"><i class=\"fa fa-exclamation-circle \" ><\/i><\/span> <\/span>Meine Leistung:<br \/>\n<\/strong>Ich ermittle den Verschlei\u00dfzustand mit modernen technischen Hilfsmitteln, z.B. Ultraschall, Risspr\u00fcfung, Schichtdickenmessung etc.<\/p>\n<hr \/>\n<p><i class=\"fa fa-question-circle \" ><\/i> <strong>Ihre Frage:<\/strong><br \/>\nWie wird der Zustand der Maschine dokumentiert?<\/p>\n<p><i class=\"fa fa-exclamation-circle \" ><\/i> <strong>Meine Leistung:<\/strong><br \/>\nAuf Basis der Untersuchung erstelle ich Ihnen einen ausf\u00fchrlichen Bericht zum Verschlei\u00dfzustand Ihrer Maschine mit eindeutigen Empfehlungen zur bedarfsgerechten Sanierung.<\/p>\n<hr \/>\n<p><i class=\"fa fa-question-circle \" ><\/i> <strong>Ihre Frage:<br \/>\n<\/strong> Welche Kosten sind zu erwarten?<\/p>\n<p><span style=\"display: inline !important; float: none; background-color: transparent; color: #333333; cursor: text; font-family: 'Libre Franklin','Helvetica Neue',helvetica,arial,sans-serif; font-size: 16px; font-style: normal; font-variant: normal; font-weight: 400; letter-spacing: normal; orphans: 2; text-align: left; text-decoration: none; text-indent: 0px; text-transform: none; -webkit-text-stroke-width: 0px; white-space: normal; word-spacing: 0px;\"><i class=\"fa fa-exclamation-circle \" ><\/i>\u00a0 <\/span><strong>Meine Leistung:<\/strong><br \/>\nZun\u00e4chst erstelle ich Ihnen auf Basis meiner Erfahrungen eine Kostensch\u00e4tzung. Bei Interesse erfolgt, in Absprache, eine detaillierte Ausschreibung an geeignete Fachunternehmen.<\/p>\n<hr \/>\n<p><i class=\"fa fa-question-circle \" ><\/i> <strong>Ihre Frage:<\/strong><br \/>\nWie lange dauert die \u00dcberholung?<\/p>\n<p><span style=\"display: inline !important; float: none; background-color: transparent; color: #333333; cursor: text; font-family: 'Libre Franklin','Helvetica Neue',helvetica,arial,sans-serif; font-size: 16px; font-style: normal; font-variant: normal; font-weight: 400; letter-spacing: normal; orphans: 2; text-align: left; text-decoration: none; text-indent: 0px; text-transform: none; -webkit-text-stroke-width: 0px; white-space: normal; word-spacing: 0px;\"><i class=\"fa fa-exclamation-circle \" ><\/i> <\/span><strong>Meine Leistung:<\/strong><br \/>\nErstellung eines Bauzeitenplans mit exakten Angaben zur Dauer.<\/p>\n<hr \/>\n<p><i class=\"fa fa-question-circle \" ><\/i> <strong>Ihre Frage:<\/strong><br \/>\nWer \u00fcberwacht und koordiniert die Sanierungsma\u00dfnahme?<\/p>\n<p><span style=\"display: inline !important; float: none; background-color: transparent; color: #333333; cursor: text; font-family: 'Libre Franklin','Helvetica Neue',helvetica,arial,sans-serif; font-size: 16px; font-style: normal; font-variant: normal; font-weight: 400; letter-spacing: normal; orphans: 2; text-align: left; text-decoration: none; text-indent: 0px; text-transform: none; -webkit-text-stroke-width: 0px; white-space: normal; word-spacing: 0px;\"><i class=\"fa fa-exclamation-circle \" ><\/i> <\/span><strong>Meine Leistung:<\/strong><br \/>\nIch stehe als Projektleiter \u2013 auch vor Ort \u2013 zur Verf\u00fcgung und vertrete gegen\u00fcber den ausf\u00fchrenden Firmen den Bauherrn inklusive Kosten\u00fcberwachung und verbindlicher Rechnungspr\u00fcfung.<\/p>\n<hr \/>\n<p><i class=\"fa fa-question-circle \" ><\/i> <strong>Ihre Frage:<\/strong><br \/>\nWer \u00fcbernimmt die Abnahme und Leistungsfahrt?<\/p>\n<p><span style=\"display: inline !important; float: none; background-color: transparent; color: #333333; cursor: text; font-family: 'Libre Franklin','Helvetica Neue',helvetica,arial,sans-serif; font-size: 16px; font-style: normal; font-variant: normal; font-weight: 400; letter-spacing: normal; orphans: 2; text-align: left; text-decoration: none; text-indent: 0px; text-transform: none; -webkit-text-stroke-width: 0px; white-space: normal; word-spacing: 0px;\"><i class=\"fa fa-exclamation-circle \" ><\/i> <\/span><strong>Meine Leistung:<\/strong><br \/>\nIch \u00fcbernehme die technische Abnahme aller Sanierungsleistungen und \u00fcberwache vor Ort die Wiederinbetriebnahme.<\/p>\n","protected":false},"excerpt":{"rendered":"<p>Gerade bei Maschinen, die t\u00e4glich genutzt werden, treten Verschlei\u00dferscheinungen auf. Zur Sicherstellung der dauerhaften Funktionsf\u00e4higkeit ist daher eine regelm\u00e4\u00dfige bedarfsorientierte \u00dcberholung zwingend erforderlich. Um ein optimales Kosten-Nutzen-Verh\u00e4ltnis zu erreichen, unterst\u00fctze ich Sie mit eindeutigen Empfehlungen zur bedarfsgerechten Sanierung. Ihre Frage: Muss mein Shredder, Presse, Schrottschere etc.\u00a0\u00fcberholt werden? Meine Leistung: Ich ermittle den Verschlei\u00dfzustand mit modernen &hellip; <\/p>\n<p class=\"link-more\"><a href=\"https:\/\/serohplan.de\/?page_id=57\" class=\"more-link\"><span class=\"screen-reader-text\">\u201eBedarfsorientierte \u00dcberholung\u201c <\/span>weiterlesen<\/a><\/p>\n","protected":false},"author":1,"featured_media":0,"parent":0,"menu_order":0,"comment_status":"closed","ping_status":"closed","template":"","meta":{"jetpack_post_was_ever_published":false,"footnotes":""},"class_list":["post-57","page","type-page","status-publish","hentry"],"jetpack_sharing_enabled":true,"jetpack_shortlink":"https:\/\/wp.me\/PaCcNT-V","jetpack-related-posts":[{"id":99,"url":"https:\/\/serohplan.de\/?page_id=99","url_meta":{"origin":57,"position":0},"title":"Schulung","author":"Metalchecker","date":"14. Januar 2019","format":false,"excerpt":"Bedienungs- oder Wartungsfehler k\u00f6nnen Sie teuer zu stehen kommen. Zur Vermeidung schule ich Ihr Personal direkt vor Ort an der Maschine. Ihre Frage: Meine Kosten sind zu hoch oder die Maschinenverf\u00fcgbarkeit ist zu gering. Welche Ma\u00dfnahmen soll ich ergreifen? Meine Leistungen: Auf Basis einer Begehung und einem Fachgespr\u00e4ch mit dem\u2026","rel":"","context":"\u00c4hnlicher Beitrag","block_context":{"text":"\u00c4hnlicher Beitrag","link":""},"img":{"alt_text":"","src":"https:\/\/i0.wp.com\/serohplan.de\/wp-content\/uploads\/2019\/03\/serohplan_sieb-300x249.jpg?resize=350%2C200&ssl=1","width":350,"height":200},"classes":[]},{"id":91,"url":"https:\/\/serohplan.de\/?page_id=91","url_meta":{"origin":57,"position":1},"title":"Standortplanung \/ Neubau \/ Umbau","author":"Metalchecker","date":"14. Januar 2019","format":false,"excerpt":"Unabh\u00e4ngig davon, ob Sie einen neuen Standort planen oder einen bestehenden Standort ausbauen wollen unterst\u00fctze ich Sie bei der Pr\u00fcfung der Vorbedingungen. F\u00fcr Ihr Vorhaben stehe ich als zentraler Ansprechpartner zur Verf\u00fcgung.\u00a0 Ihre Frage: Ich plane einen neuen Standort? Oder: Ich will meinen bestehenden Standort modernisieren? Was ist dabei zu\u2026","rel":"","context":"\u00c4hnlicher Beitrag","block_context":{"text":"\u00c4hnlicher Beitrag","link":""},"img":{"alt_text":"","src":"https:\/\/i0.wp.com\/serohplan.de\/wp-content\/uploads\/2019\/03\/serohplan_haus-300x290.jpg?resize=350%2C200&ssl=1","width":350,"height":200},"classes":[]},{"id":81,"url":"https:\/\/serohplan.de\/?page_id=81","url_meta":{"origin":57,"position":2},"title":"Technische Optimierung","author":"Metalchecker","date":"14. Januar 2019","format":false,"excerpt":"Kundenanforderungen \u00e4ndern sich, neue Technologien kommen auf den Markt oder technische Probleme treten auf. Ich unterst\u00fctze Sie dabei, Ihre Maschinen optimal zu nutzen. \u00a0 Ihre Frage: Wo besteht in meinem Maschinenpark Optimierungspotenzial? Oder: Bei mir liegt ein bestimmtes technisches Problem vor. Wie kann ich dieses abstellen? Meine Leistung: Begehung der\u2026","rel":"","context":"\u00c4hnlicher Beitrag","block_context":{"text":"\u00c4hnlicher Beitrag","link":""},"img":{"alt_text":"","src":"https:\/\/i0.wp.com\/serohplan.de\/wp-content\/uploads\/2019\/03\/serohplan_press-300x211.jpg?resize=350%2C200&ssl=1","width":350,"height":200},"classes":[]},{"id":121,"url":"https:\/\/serohplan.de\/?page_id=121","url_meta":{"origin":57,"position":3},"title":"Datenschutzerkl\u00e4rung","author":"Metalchecker","date":"14. Januar 2019","format":false,"excerpt":"Datenschutzerkl\u00e4rung Wir freuen uns sehr \u00fcber Ihr Interesse an unserem Unternehmen. Datenschutz hat einen besonders hohen Stellenwert f\u00fcr die Gesch\u00e4ftsleitung der SeRohPlan GmbH. Eine Nutzung der Internetseiten der SeRohPlan GmbH ist grunds\u00e4tzlich ohne jede Angabe personenbezogener Daten m\u00f6glich. Sofern eine betroffene Person besondere Services unseres Unternehmens \u00fcber unsere Internetseite in\u2026","rel":"","context":"\u00c4hnlicher Beitrag","block_context":{"text":"\u00c4hnlicher Beitrag","link":""},"img":{"alt_text":"","src":"","width":0,"height":0},"classes":[]},{"id":40,"url":"https:\/\/serohplan.de\/?page_id=40","url_meta":{"origin":57,"position":4},"title":"Kontakt\/Impressum","author":"Metalchecker","date":"8. Januar 2019","format":false,"excerpt":"Angaben gem\u00e4\u00df \u00a7 5 TMG SeRohPlan GmbHRecycling \u2013 Planung \u2013 RealisationMartin Kievernagel Am Walde 16 Telefon: +49 (0)4144 235 233Mobil: +49 (0)172 260 4527Mail: kievernagel@serohplan.de Vertreten durch: Martin Kievernagel Registereintrag: Eintragung im Handelsregister, Registergericht: TostedtRegisternummer: HRB 207108 Umsatzsteuer-ID: Umsatzsteuer-Identifikationsnummer gem\u00e4\u00df \u00a727a Umsatzsteuergesetz: USt.-ID-Nr.: DE 321 512 550 Haftungsausschluss: Haftung f\u00fcr\u2026","rel":"","context":"\u00c4hnlicher Beitrag","block_context":{"text":"\u00c4hnlicher Beitrag","link":""},"img":{"alt_text":"","src":"","width":0,"height":0},"classes":[]}],"_links":{"self":[{"href":"https:\/\/serohplan.de\/index.php?rest_route=\/wp\/v2\/pages\/57","targetHints":{"allow":["GET"]}}],"collection":[{"href":"https:\/\/serohplan.de\/index.php?rest_route=\/wp\/v2\/pages"}],"about":[{"href":"https:\/\/serohplan.de\/index.php?rest_route=\/wp\/v2\/types\/page"}],"author":[{"embeddable":true,"href":"https:\/\/serohplan.de\/index.php?rest_route=\/wp\/v2\/users\/1"}],"replies":[{"embeddable":true,"href":"https:\/\/serohplan.de\/index.php?rest_route=%2Fwp%2Fv2%2Fcomments&post=57"}],"version-history":[{"count":25,"href":"https:\/\/serohplan.de\/index.php?rest_route=\/wp\/v2\/pages\/57\/revisions"}],"predecessor-version":[{"id":318,"href":"https:\/\/serohplan.de\/index.php?rest_route=\/wp\/v2\/pages\/57\/revisions\/318"}],"wp:attachment":[{"href":"https:\/\/serohplan.de\/index.php?rest_route=%2Fwp%2Fv2%2Fmedia&parent=57"}],"curies":[{"name":"wp","href":"https:\/\/api.w.org\/{rel}","templated":true}]}}